{"id":2010,"date":"2022-01-18T22:28:00","date_gmt":"2022-01-19T00:28:00","guid":{"rendered":"https:\/\/ajtkd.org\/?page_id=2010"},"modified":"2022-06-03T18:30:18","modified_gmt":"2022-06-03T21:30:18","slug":"donate","status":"publish","type":"page","link":"https:\/\/ajtkd.org\/pt\/donate\/","title":{"rendered":"Doe"},"content":{"rendered":"<div data-elementor-type=\"wp-post\" data-elementor-id=\"2010\" class=\"elementor elementor-2010\">\n\t\t\t\t\t\t\t\t\t<section class=\"elementor-section elementor-top-section elementor-element elementor-element-41724257 elementor-section-boxed elementor-section-height-default elementor-section-height-default\" data-id=\"41724257\" data-element_type=\"section\" data-settings=\"{&quot;background_background&quot;:&quot;classic&quot;}\">\n\t\t\t\t\t\t\t<div class=\"elementor-background-overlay\"><\/div>\n\t\t\t\t\t\t\t<div class=\"elementor-container elementor-column-gap-wide\">\n\t\t\t\t\t<div class=\"elementor-column elementor-col-100 elementor-top-column elementor-element elementor-element-72243ff9\" data-id=\"72243ff9\" data-element_type=\"column\">\n\t\t\t<div class=\"elementor-widget-wrap elementor-element-populated\">\n\t\t\t\t\t\t\t\t<section class=\"elementor-section elementor-inner-section elementor-element elementor-element-d7a9757 elementor-section-boxed elementor-section-height-default elementor-section-height-default\" data-id=\"d7a9757\" data-element_type=\"section\">\n\t\t\t\t\t\t<div class=\"elementor-container elementor-column-gap-default\">\n\t\t\t\t\t<div class=\"elementor-column elementor-col-50 elementor-inner-column elementor-element elementor-element-585c28b\" data-id=\"585c28b\" data-element_type=\"column\">\n\t\t\t<div class=\"elementor-widget-wrap elementor-element-populated\">\n\t\t\t\t\t\t\t\t<div class=\"elementor-element elementor-element-6ab28c39 elementor-widget elementor-widget-heading\" data-id=\"6ab28c39\" data-element_type=\"widget\" data-widget_type=\"heading.default\">\n\t\t\t\t<div class=\"elementor-widget-container\">\n\t\t\t<h4 class=\"elementor-heading-title elementor-size-default\">Fa\u00e7a uma doa\u00e7\u00e3o<\/h4>\t\t<\/div>\n\t\t\t\t<\/div>\n\t\t\t\t<div class=\"elementor-element elementor-element-6c15f17e elementor-widget-divider--view-line elementor-widget elementor-widget-divider\" data-id=\"6c15f17e\" data-element_type=\"widget\" data-widget_type=\"divider.default\">\n\t\t\t\t<div class=\"elementor-widget-container\">\n\t\t\t\t\t<div class=\"elementor-divider\">\n\t\t\t<span class=\"elementor-divider-separator\">\n\t\t\t\t\t\t<\/span>\n\t\t<\/div>\n\t\t\t\t<\/div>\n\t\t\t\t<\/div>\n\t\t\t\t<div class=\"elementor-element elementor-element-2cb87c91 elementor-widget elementor-widget-heading\" data-id=\"2cb87c91\" data-element_type=\"widget\" data-widget_type=\"heading.default\">\n\t\t\t\t<div class=\"elementor-widget-container\">\n\t\t\t<h1 class=\"elementor-heading-title elementor-size-default\">Ajude a impactar as vidas de nossas crian\u00e7as<\/h1>\t\t<\/div>\n\t\t\t\t<\/div>\n\t\t\t\t<div class=\"elementor-element elementor-element-5cd11e4 elementor-widget elementor-widget-spacer\" data-id=\"5cd11e4\" data-element_type=\"widget\" data-widget_type=\"spacer.default\">\n\t\t\t\t<div class=\"elementor-widget-container\">\n\t\t\t\t\t<div class=\"elementor-spacer\">\n\t\t\t<div class=\"elementor-spacer-inner\"><\/div>\n\t\t<\/div>\n\t\t\t\t<\/div>\n\t\t\t\t<\/div>\n\t\t\t\t\t<\/div>\n\t\t<\/div>\n\t\t\t\t<div class=\"elementor-column elementor-col-50 elementor-inner-column elementor-element elementor-element-a46f15d\" data-id=\"a46f15d\" data-element_type=\"column\" data-settings=\"{&quot;background_background&quot;:&quot;classic&quot;}\">\n\t\t\t<div class=\"elementor-widget-wrap elementor-element-populated\">\n\t\t\t\t\t\t\t\t<div class=\"elementor-element elementor-element-8974655 content-align-cta-default elementor-widget elementor-widget-eael-cta-box\" data-id=\"8974655\" data-element_type=\"widget\" data-widget_type=\"eael-cta-box.default\">\n\t\t\t\t<div class=\"elementor-widget-container\">\n\t\t\t\t\t<div class=\"eael-call-to-action cta-basic bg-lite cta-preset-1\">\n        <h2 class=\"title\">DOE AGORA<\/h2><p><p>Com sua doa\u00e7\u00e3o, voc\u00ea ajuda a manter nossos projetos vivos e transforma diretamente a vida de centenas de crian\u00e7as e jovens, trazendo a possibilidade de um futuro melhor para eles.<\/p><p>Fa\u00e7a parte da nossa causa!<\/p><p>Chave pix: <strong>contatoajtkd@gmail.com<\/strong><\/p><\/p><a href=\"https:\/\/www.paypal.com\/donate\/?hosted_button_id=4ZHSMVBV67THA\" class=\"cta-button\">Doe em D\u00f3lar<\/a><a href=\"https:\/\/www.paypal.com\/donate\/?hosted_button_id=JXZTD2GSMJ43Y\" class=\"cta-button cta-secondary-button\">Donate in EUR<\/a>\t<\/div>\n\t\t\t\t\t\t<\/div>\n\t\t\t\t<\/div>\n\t\t\t\t\t<\/div>\n\t\t<\/div>\n\t\t\t\t\t\t\t<\/div>\n\t\t<\/section>\n\t\t\t\t\t<\/div>\n\t\t<\/div>\n\t\t\t\t\t\t\t<\/div>\n\t\t<\/section>\n\t\t\t\t\t\t\t<\/div>","protected":false},"excerpt":{"rendered":"<p>Make a donation Help Put A Smile On A Child&#8217;s Face MAKE A GIFT TODAY With your donation, you help to keep our projects alive and directly transform the lives of hundreds of children and young people, bringing the possibility of a brighter future for them. Be part of our cause! Pix key: contatoajtkd@gmail.com Donate &hellip;<\/p>\n<p class=\"read-more\"> <a class=\"\" href=\"https:\/\/ajtkd.org\/pt\/donate\/\"> <span class=\"screen-reader-text\">Doe<\/span> Leia mais \u00bb<\/a><\/p>","protected":false},"author":1,"featured_media":1427,"parent":0,"menu_order":0,"comment_status":"closed","ping_status":"closed","template":"","meta":{"footnotes":""},"yoast_head":"<!-- This site is optimized with the Yoast SEO plugin v19.13 - https:\/\/yoast.com\/wordpress\/plugins\/seo\/ -->\n<title>Donate - AJTKD<\/title>\n<meta name=\"robots\" content=\"index, follow, max-snippet:-1, max-image-preview:large, max-video-preview:-1\" \/>\n<link rel=\"canonical\" href=\"https:\/\/ajtkd.org\/pt\/donate\/\" \/>\n<meta property=\"og:locale\" content=\"pt_BR\" \/>\n<meta property=\"og:type\" content=\"article\" \/>\n<meta property=\"og:title\" content=\"Donate - AJTKD\" \/>\n<meta property=\"og:description\" content=\"Make a donation Help Put A Smile On A Child&#8217;s Face MAKE A GIFT TODAY With your donation, you help to keep our projects alive and directly transform the lives of hundreds of children and young people, bringing the possibility of a brighter future for them. Be part of our cause! Pix key: contatoajtkd@gmail.com Donate &hellip; Donate Leia mais &raquo;\" \/>\n<meta property=\"og:url\" content=\"https:\/\/ajtkd.org\/pt\/donate\/\" \/>\n<meta property=\"og:site_name\" content=\"AJTKD\" \/>\n<meta property=\"article:modified_time\" content=\"2022-06-03T21:30:18+00:00\" \/>\n<meta property=\"og:image\" content=\"https:\/\/ajtkd.org\/wp-content\/uploads\/2021\/03\/IMG_20190325_014653_009.jpg\" \/>\n\t<meta property=\"og:image:width\" content=\"1091\" \/>\n\t<meta property=\"og:image:height\" content=\"1016\" \/>\n\t<meta property=\"og:image:type\" content=\"image\/jpeg\" \/>\n<meta name=\"twitter:card\" content=\"summary_large_image\" \/>\n<meta name=\"twitter:label1\" content=\"Est. tempo de leitura\" \/>\n\t<meta name=\"twitter:data1\" content=\"1 minuto\" \/>\n<script type=\"application\/ld+json\" class=\"yoast-schema-graph\">{\"@context\":\"https:\/\/schema.org\",\"@graph\":[{\"@type\":\"WebPage\",\"@id\":\"https:\/\/ajtkd.org\/donate\/\",\"url\":\"https:\/\/ajtkd.org\/donate\/\",\"name\":\"Donate - AJTKD\",\"isPartOf\":{\"@id\":\"https:\/\/ajtkd.org\/#website\"},\"datePublished\":\"2022-01-19T00:28:00+00:00\",\"dateModified\":\"2022-06-03T21:30:18+00:00\",\"breadcrumb\":{\"@id\":\"https:\/\/ajtkd.org\/donate\/#breadcrumb\"},\"inLanguage\":\"pt-BR\",\"potentialAction\":[{\"@type\":\"ReadAction\",\"target\":[\"https:\/\/ajtkd.org\/donate\/\"]}]},{\"@type\":\"BreadcrumbList\",\"@id\":\"https:\/\/ajtkd.org\/donate\/#breadcrumb\",\"itemListElement\":[{\"@type\":\"ListItem\",\"position\":1,\"name\":\"Home\",\"item\":\"https:\/\/ajtkd.org\/\"},{\"@type\":\"ListItem\",\"position\":2,\"name\":\"Donate\"}]},{\"@type\":\"WebSite\",\"@id\":\"https:\/\/ajtkd.org\/#website\",\"url\":\"https:\/\/ajtkd.org\/\",\"name\":\"AJTKD\",\"description\":\"Associa\u00e7\u00e3o Jadir de Taekwondo\",\"publisher\":{\"@id\":\"https:\/\/ajtkd.org\/#organization\"},\"potentialAction\":[{\"@type\":\"SearchAction\",\"target\":{\"@type\":\"EntryPoint\",\"urlTemplate\":\"https:\/\/ajtkd.org\/?s={search_term_string}\"},\"query-input\":\"required name=search_term_string\"}],\"inLanguage\":\"pt-BR\"},{\"@type\":\"Organization\",\"@id\":\"https:\/\/ajtkd.org\/#organization\",\"name\":\"AJTKD\",\"url\":\"https:\/\/ajtkd.org\/\",\"logo\":{\"@type\":\"ImageObject\",\"inLanguage\":\"pt-BR\",\"@id\":\"https:\/\/ajtkd.org\/#\/schema\/logo\/image\/\",\"url\":\"https:\/\/ajtkd.org\/wp-content\/uploads\/2021\/03\/cropped-logo.png\",\"contentUrl\":\"https:\/\/ajtkd.org\/wp-content\/uploads\/2021\/03\/cropped-logo.png\",\"width\":160,\"height\":61,\"caption\":\"AJTKD\"},\"image\":{\"@id\":\"https:\/\/ajtkd.org\/#\/schema\/logo\/image\/\"}}]}<\/script>\n<!-- \/ Yoast SEO plugin. -->","yoast_head_json":{"title":"Donate - AJTKD","robots":{"index":"index","follow":"follow","max-snippet":"max-snippet:-1","max-image-preview":"max-image-preview:large","max-video-preview":"max-video-preview:-1"},"canonical":"https:\/\/ajtkd.org\/pt\/donate\/","og_locale":"pt_BR","og_type":"article","og_title":"Donate - AJTKD","og_description":"Make a donation Help Put A Smile On A Child&#8217;s Face MAKE A GIFT TODAY With your donation, you help to keep our projects alive and directly transform the lives of hundreds of children and young people, bringing the possibility of a brighter future for them. Be part of our cause! Pix key: contatoajtkd@gmail.com Donate &hellip; Donate Leia mais &raquo;","og_url":"https:\/\/ajtkd.org\/pt\/donate\/","og_site_name":"AJTKD","article_modified_time":"2022-06-03T21:30:18+00:00","og_image":[{"width":1091,"height":1016,"url":"https:\/\/ajtkd.org\/wp-content\/uploads\/2021\/03\/IMG_20190325_014653_009.jpg","type":"image\/jpeg"}],"twitter_card":"summary_large_image","twitter_misc":{"Est. tempo de leitura":"1 minuto"},"schema":{"@context":"https:\/\/schema.org","@graph":[{"@type":"WebPage","@id":"https:\/\/ajtkd.org\/donate\/","url":"https:\/\/ajtkd.org\/donate\/","name":"Donate - AJTKD","isPartOf":{"@id":"https:\/\/ajtkd.org\/#website"},"datePublished":"2022-01-19T00:28:00+00:00","dateModified":"2022-06-03T21:30:18+00:00","breadcrumb":{"@id":"https:\/\/ajtkd.org\/donate\/#breadcrumb"},"inLanguage":"pt-BR","potentialAction":[{"@type":"ReadAction","target":["https:\/\/ajtkd.org\/donate\/"]}]},{"@type":"BreadcrumbList","@id":"https:\/\/ajtkd.org\/donate\/#breadcrumb","itemListElement":[{"@type":"ListItem","position":1,"name":"Home","item":"https:\/\/ajtkd.org\/"},{"@type":"ListItem","position":2,"name":"Donate"}]},{"@type":"WebSite","@id":"https:\/\/ajtkd.org\/#website","url":"https:\/\/ajtkd.org\/","name":"AJTKD","description":"Associa\u00e7\u00e3o Jadir de Taekwondo","publisher":{"@id":"https:\/\/ajtkd.org\/#organization"},"potentialAction":[{"@type":"SearchAction","target":{"@type":"EntryPoint","urlTemplate":"https:\/\/ajtkd.org\/?s={search_term_string}"},"query-input":"required name=search_term_string"}],"inLanguage":"pt-BR"},{"@type":"Organization","@id":"https:\/\/ajtkd.org\/#organization","name":"AJTKD","url":"https:\/\/ajtkd.org\/","logo":{"@type":"ImageObject","inLanguage":"pt-BR","@id":"https:\/\/ajtkd.org\/#\/schema\/logo\/image\/","url":"https:\/\/ajtkd.org\/wp-content\/uploads\/2021\/03\/cropped-logo.png","contentUrl":"https:\/\/ajtkd.org\/wp-content\/uploads\/2021\/03\/cropped-logo.png","width":160,"height":61,"caption":"AJTKD"},"image":{"@id":"https:\/\/ajtkd.org\/#\/schema\/logo\/image\/"}}]}},"_links":{"self":[{"href":"https:\/\/ajtkd.org\/pt\/wp-json\/wp\/v2\/pages\/2010"}],"collection":[{"href":"https:\/\/ajtkd.org\/pt\/wp-json\/wp\/v2\/pages"}],"about":[{"href":"https:\/\/ajtkd.org\/pt\/wp-json\/wp\/v2\/types\/page"}],"author":[{"embeddable":true,"href":"https:\/\/ajtkd.org\/pt\/wp-json\/wp\/v2\/users\/1"}],"replies":[{"embeddable":true,"href":"https:\/\/ajtkd.org\/pt\/wp-json\/wp\/v2\/comments?post=2010"}],"version-history":[{"count":27,"href":"https:\/\/ajtkd.org\/pt\/wp-json\/wp\/v2\/pages\/2010\/revisions"}],"predecessor-version":[{"id":2099,"href":"https:\/\/ajtkd.org\/pt\/wp-json\/wp\/v2\/pages\/2010\/revisions\/2099"}],"wp:featuredmedia":[{"embeddable":true,"href":"https:\/\/ajtkd.org\/pt\/wp-json\/wp\/v2\/media\/1427"}],"wp:attachment":[{"href":"https:\/\/ajtkd.org\/pt\/wp-json\/wp\/v2\/media?parent=2010"}],"curies":[{"name":"wp","href":"https:\/\/api.w.org\/{rel}","templated":true}]}}